{"id":3,"date":"2018-06-29T09:14:20","date_gmt":"2018-06-29T09:14:20","guid":{"rendered":"https:\/\/dev.rigorousthemes.com\/demo\/realestate\/?page_id=3"},"modified":"2021-03-29T06:09:33","modified_gmt":"2021-03-29T06:09:33","slug":"confidentialite","status":"publish","type":"page","link":"https:\/\/www.eonia.be\/index.php\/confidentialite\/","title":{"rendered":"Politique de confidentialit\u00e9"},"content":{"rendered":"\t\t<div data-elementor-type=\"wp-page\" data-elementor-id=\"3\" class=\"elementor elementor-3\" data-elementor-settings=\"[]\">\n\t\t\t\t\t\t\t<div class=\"elementor-section-wrap\">\n\t\t\t\t\t\t\t<section class=\"elementor-section elementor-top-section elementor-element elementor-element-9825a98 elementor-section-boxed elementor-section-height-default elementor-section-height-default\" data-id=\"9825a98\" data-element_type=\"section\">\n\t\t\t\t\t\t<div class=\"elementor-container elementor-column-gap-default\">\n\t\t\t\t\t<div class=\"elementor-column elementor-col-100 elementor-top-column elementor-element elementor-element-9ee09b4\" data-id=\"9ee09b4\" data-element_type=\"column\">\n\t\t\t<div class=\"elementor-widget-wrap elementor-element-populated\">\n\t\t\t\t\t\t\t\t<div class=\"elementor-element elementor-element-7971f8f elementor-widget elementor-widget-text-editor\" data-id=\"7971f8f\" data-element_type=\"widget\" data-widget_type=\"text-editor.default\">\n\t\t\t\t<div class=\"elementor-widget-container\">\n\t\t\t\t\t<div class=\"elementor-text-editor elementor-clearfix\"><p style=\"margin-top: 0px; margin-bottom: 20px; color: #000000; font-family: 'Open Sans'; font-size: 16px; background-color: #ffffff;\">La pr\u00e9sente d\u00e9claration et politique de respect de la vie priv\u00e9e s\u2019applique \u00e0 toutes les donn\u00e9es \u00e0 caract\u00e8re personnel vous concernant, collect\u00e9es et trait\u00e9es par EONIA.<\/p><p style=\"margin-top: 0px; margin-bottom: 20px; color: #000000; font-family: 'Open Sans'; font-size: 16px; background-color: #ffffff;\">Par l\u2019utilisation des sites Internet et autres produits et services des entreprises de EONIA, vous marquez votre accord avec l\u2019application de la pr\u00e9sente d\u00e9claration et politique de respect de la vie priv\u00e9e aux donn\u00e9es \u00e0 caract\u00e8re personnel trait\u00e9es par EONIA.<\/p><p style=\"margin-top: 0px; margin-bottom: 20px; color: #000000; font-family: 'Open Sans'; font-size: 16px; background-color: #ffffff;\">EONIA se r\u00e9serve le droit de modifier \u00e0 tout moment la pr\u00e9sente d\u00e9claration et politique de respect de la vie priv\u00e9e. La version applicable peut \u00eatre consult\u00e9e \u00e0 tout moment sur le site Internet de EONIA.<\/p><ul style=\"margin-bottom: 10px; color: #000000; font-family: 'Open Sans'; font-size: 16px; background-color: #ffffff;\"><li>Donn\u00e9es \u00e0 caract\u00e8re personnel d\u00e9tenues par EONIA<\/li><\/ul><p style=\"margin-top: 0px; margin-bottom: 20px; color: #000000; font-family: 'Open Sans'; font-size: 16px; background-color: #ffffff;\">Les donn\u00e9es suivantes peuvent \u00eatre collect\u00e9es et trait\u00e9es de diff\u00e9rentes mani\u00e8res par EONIA. Notamment,<\/p><p style=\"margin-top: 0px; margin-bottom: 20px; color: #000000; font-family: 'Open Sans'; font-size: 16px; background-color: #ffffff;\">a) Donn\u00e9es que vous communiquez directement \u00e0 EONIA :<\/p><p style=\"margin-top: 0px; margin-bottom: 20px; color: #000000; font-family: 'Open Sans'; font-size: 16px; background-color: #ffffff;\">\u2013 \u00a0 \u00a0 Donn\u00e9es d\u2019identification et de contact : nom, pr\u00e9nom, adresse et localit\u00e9, adresse e-mail, num\u00e9ro de t\u00e9l\u00e9phone ou de GSM, date de naissance, \u00e2ge, sexe\u2026 ;<\/p><p style=\"margin-top: 0px; margin-bottom: 20px; color: #000000; font-family: 'Open Sans'; font-size: 16px; background-color: #ffffff;\">\u2013 \u00a0 \u00a0 Donn\u00e9es financi\u00e8res : num\u00e9ro de compte bancaire, code BIC, nom du titulaire du compte\u2026 ;<\/p><p style=\"margin-top: 0px; margin-bottom: 20px; color: #000000; font-family: 'Open Sans'; font-size: 16px; background-color: #ffffff;\">\u2013 \u00a0 \u00a0 Donn\u00e9es pour clients professionnels, fournisseurs ou partenaires : num\u00e9ro de TVA ou d\u2019entreprise, coordonn\u00e9es des personnes de contact ;<\/p><p style=\"margin-top: 0px; margin-bottom: 20px; color: #000000; font-family: 'Open Sans'; font-size: 16px; background-color: #ffffff;\">\u2013 \u00a0 \u00a0 Donn\u00e9es de connexion relatives \u00e0 un compte utilisateur : nom (d\u2019utilisateur), adresse e-mail, mot de passe, question de s\u00e9curit\u00e9 et r\u00e9ponse \u00e0 cette question, moments de connexion\u2026 ;<\/p><p style=\"margin-top: 0px; margin-bottom: 20px; color: #000000; font-family: 'Open Sans'; font-size: 16px; background-color: #ffffff;\">\u2013 \u00a0 \u00a0 R\u00e9clamations formul\u00e9es \u00e0 propos de votre exp\u00e9rience avec EONIA, remarques, suggestions, t\u00e9moignages et toutes autres formes de feed-back ;<\/p><p style=\"margin-top: 0px; margin-bottom: 20px; color: #000000; font-family: 'Open Sans'; font-size: 16px; background-color: #ffffff;\">\u2013 \u00a0 \u00a0 Autres donn\u00e9es et contenus \u00e9chang\u00e9s, par le biais de contrats, formulaires de contact, enqu\u00eates, etc<\/p><p style=\"margin-top: 0px; margin-bottom: 20px; color: #000000; font-family: 'Open Sans'; font-size: 16px; background-color: #ffffff;\">b) Donn\u00e9es que vous communiquez en utilisant les sites Internet\u00a0:<\/p><p style=\"margin-top: 0px; margin-bottom: 20px; color: #000000; font-family: 'Open Sans'; font-size: 16px; background-color: #ffffff;\">Nous pouvons en outre collecter des donn\u00e9es vous concernant lorsque vous utilisez nos sites internet, r\u00e9seaux sociaux, lorsque vous nous r\u00e9pondez par e-mail, via les cookies, les donn\u00e9es de navigation et d\u2019autres technologies.<\/p><p style=\"margin-top: 0px; margin-bottom: 20px; color: #000000; font-family: 'Open Sans'; font-size: 16px; background-color: #ffffff;\">c) Donn\u00e9es issues d\u2019autres sources\u00a0:<\/p><p style=\"margin-top: 0px; margin-bottom: 20px; color: #000000; font-family: 'Open Sans'; font-size: 16px; background-color: #ffffff;\">EONIA peut \u00e9galement collecter et traiter des donn\u00e9es via d\u2019autres sources telles que, entre autres, l\u2019achat ou la location de donn\u00e9es collect\u00e9es par des fournisseurs qui se sp\u00e9cialisent dans cette activit\u00e9, des partenaires de EONIA, des sources publiques, des m\u00e9dias sociaux\u2026<\/p><p style=\"margin-top: 0px; margin-bottom: 20px; color: #000000; font-family: 'Open Sans'; font-size: 16px; background-color: #ffffff;\">Les sites Internet de EONIA peuvent contenir des liens renvoyant \u00e0 d\u2019autres sites. Ces sites Internet ne sont peut-\u00eatre pas g\u00e9r\u00e9s par EONIA et peuvent avoir leur propre d\u00e9claration de confidentialit\u00e9 ou politique de respect de la vie priv\u00e9e. EONIA vous conseille vivement d\u2019en prendre connaissance et d\u00e9cline toute responsabilit\u00e9 pour les sites Internet de tiers.<\/p><p style=\"margin-top: 0px; margin-bottom: 20px; color: #000000; font-family: 'Open Sans'; font-size: 16px; background-color: #ffffff;\">Vous n\u2019avez pas l\u2019obligation de communiquer vos donn\u00e9es \u00e0 EONIA ou d\u2019accepter les traitements de celles-ci. Dans certains cas, il sera toutefois n\u00e9cessaire de fournir des donn\u00e9es personnelles \u00e0 EONIA afin de permettre le d\u00e9roulement optimal des prestations de services et le respect de la l\u00e9gislation en vigueur.<\/p><ul style=\"margin-bottom: 10px; color: #000000; font-family: 'Open Sans'; font-size: 16px; background-color: #ffffff;\"><li>Traitement des donn\u00e9es \u00e0 caract\u00e8re personnel par EONIA<\/li><\/ul><p style=\"margin-top: 0px; margin-bottom: 20px; color: #000000; font-family: 'Open Sans'; font-size: 16px; background-color: #ffffff;\">Les donn\u00e9es \u00e0 caract\u00e8re personnel sont trait\u00e9es par EONIA aux fins suivantes :<\/p><p style=\"margin-top: 0px; margin-bottom: 20px; color: #000000; font-family: 'Open Sans'; font-size: 16px; background-color: #ffffff;\">\u2013 La conclusion et l\u2019ex\u00e9cution d\u2019un contrat avec vous\u00a0;<\/p><p style=\"margin-top: 0px; margin-bottom: 20px; color: #000000; font-family: 'Open Sans'; font-size: 16px; background-color: #ffffff;\">\u2013 Permettre d\u2019\u00e9changer, de cr\u00e9er et de supprimer certaines informations et\/ou de contacter des utilisateurs sur des sites Internet, applications\u00a0;<br \/>\u2013 L\u2019am\u00e9lioration continue, l\u2019entretien et l\u2019optimisation de nos produits, services, sites Internet et applications et la s\u00e9curisation de ceux-ci, ainsi que l\u2019optimisation de strat\u00e9gies g\u00e9n\u00e9rales, commerciales et marketing\u00a0;<br \/>\u2013 La personnalisation des produits et\/ou services \u00e0 vous fournir et des services d\u2019aide correspondants\u00a0;<\/p><p style=\"margin-top: 0px; margin-bottom: 20px; color: #000000; font-family: 'Open Sans'; font-size: 16px; background-color: #ffffff;\">\u2013 L\u2019envoi cibl\u00e9 de publicit\u00e9s, de bulletins d\u2019information et d\u2019informations adapt\u00e9s \u00e0 vos besoins ;<br \/>\u2013 Le respect de la r\u00e9glementation applicable \u00e0 EONIA au sens le plus large ;<br \/>\u2013 D\u2019autres fins sp\u00e9cifiques pour lesquelles une autorisation distincte peut \u00eatre demand\u00e9e.<\/p><ul style=\"margin-bottom: 10px; color: #000000; font-family: 'Open Sans'; font-size: 16px; background-color: #ffffff;\"><li>Partage des donn\u00e9es \u00e0 caract\u00e8re personnel par EONIA<\/li><\/ul><p style=\"margin-top: 0px; margin-bottom: 20px; color: #000000; font-family: 'Open Sans'; font-size: 16px; background-color: #ffffff;\">EONIA peut \u00e9changer les donn\u00e9es \u00e0 caract\u00e8re personnel trait\u00e9es avec les soci\u00e9t\u00e9s-s\u0153urs et les filiales au sein du groupe. A aucun moment, nous ne vendons ni ne donnons vos donn\u00e9es \u00e0 d\u2019autres personnes ou entreprises. Nous traitons toujours vos donn\u00e9es comme des informations confidentielles.<\/p><p style=\"margin-top: 0px; margin-bottom: 20px; color: #000000; font-family: 'Open Sans'; font-size: 16px; background-color: #ffffff;\">Les donn\u00e9es \u00e0 caract\u00e8re personnel ne sont partag\u00e9es avec des partenaires, fournisseurs ou autres pr\u00e9pos\u00e9s de EONIA que lorsque le traitement par ces tiers est n\u00e9cessaire pour la conclusion, l\u2019ex\u00e9cution, l\u2019utilisation, l\u2019achat, l\u2019acc\u00e8s ou le traitement de produits et services et de sites Internet, applications, boutiques en ligne\u2026<\/p><p style=\"margin-top: 0px; margin-bottom: 20px; color: #000000; font-family: 'Open Sans'; font-size: 16px; background-color: #ffffff;\">Si votre autorisation est l\u00e9galement requise ou si nous estimons que votre autorisation est appropri\u00e9e compte tenu des circonstances, nous vous la demanderons toujours avant de partager vos donn\u00e9es personnelles ou de les transmettre \u00e0 un pays situ\u00e9 en dehors de l\u2019Espace \u00e9conomique europ\u00e9en.<\/p><p style=\"margin-top: 0px; margin-bottom: 20px; color: #000000; font-family: 'Open Sans'; font-size: 16px; background-color: #ffffff;\">Vos donn\u00e9es personnelles sont exclusivement divulgu\u00e9es conform\u00e9ment \u00e0 la pr\u00e9sente d\u00e9claration et politique de respect de la vie priv\u00e9e et\/ou si la loi l\u2019exige.<\/p><p style=\"margin-top: 0px; margin-bottom: 20px; color: #000000; font-family: 'Open Sans'; font-size: 16px; background-color: #ffffff;\">Enfin, les donn\u00e9es \u00e0 caract\u00e8re personnel peuvent toujours \u00eatre rendues anonymes avant d\u2019\u00eatre partag\u00e9es avec des tiers. Dans ce cas, vous ne pourrez jamais \u00eatre identifi\u00e9(e) gr\u00e2ce \u00e0 l\u2019anonymisation de vos donn\u00e9es personnelles.<\/p><ul style=\"margin-bottom: 10px; color: #000000; font-family: 'Open Sans'; font-size: 16px; background-color: #ffffff;\"><li>Vos droits<\/li><\/ul><p style=\"margin-top: 0px; margin-bottom: 20px; color: #000000; font-family: 'Open Sans'; font-size: 16px; background-color: #ffffff;\">Vous avez \u00e0 tout moment le droit de consulter et de corriger vos donn\u00e9es personnelles trait\u00e9es par EONIA.<\/p><p style=\"margin-top: 0px; margin-bottom: 20px; color: #000000; font-family: 'Open Sans'; font-size: 16px; background-color: #ffffff;\">Vous avez \u00e9galement le droit de supprimer vos donn\u00e9es personnelles et d\u2019en limiter l\u2019utilisation et la transf\u00e9rabilit\u00e9 dans la mesure o\u00f9 la r\u00e9glementation applicable le pr\u00e9voit.<\/p><p style=\"margin-top: 0px; margin-bottom: 20px; color: #000000; font-family: 'Open Sans'; font-size: 16px; background-color: #ffffff;\">Vous pouvez \u00e0 tout moment annuler votre autorisation pour certains traitements de vos donn\u00e9es et vous opposer \u00e0 l\u2019utilisation de vos donn\u00e9es personnelles \u00e0 des fins de marketing direct, \u00e0 la transmission de vos donn\u00e9es personnelles \u00e0 des tiers (lorsque cette transmission n\u2019est pas indispensable pour les prestations de services de EONIA) et \u00e0 l\u2019\u00e9tablissement de votre profil.<\/p><p style=\"margin-top: 0px; margin-bottom: 20px; color: #000000; font-family: 'Open Sans'; font-size: 16px; background-color: #ffffff;\">Pour exercer ce droit, vous devez nous adresser une demande claire aux coordonn\u00e9es reprises dans le bas de la pr\u00e9sente d\u00e9claration, dans laquelle vous mentionnez pr\u00e9cis\u00e9ment ce que vous souhaitez voir corriger ou effacer. Si vous souhaitez que nous supprimions vos donn\u00e9es, vous devez \u00e9galement motiver sp\u00e9cifiquement votre demande. EONIA proc\u00e9dera \u00e0 votre demande dans les plus brefs d\u00e9lais.<\/p><p style=\"margin-top: 0px; margin-bottom: 20px; color: #000000; font-family: 'Open Sans'; font-size: 16px; background-color: #ffffff;\">Si vous l\u2019estimez justifi\u00e9, vous avez \u00e9galement le droit de porter plainte aupr\u00e8s de la Commission de la protection de la vie priv\u00e9e (<a style=\"background-color: transparent; color: #a9cd49; transition: all 0.3s ease-in-out 0s;\" href=\"https:\/\/www.privacycommission.be\/fr\">https:\/\/www.privacycommission.be\/fr<\/a>).<\/p><ul style=\"margin-bottom: 10px; color: #000000; font-family: 'Open Sans'; font-size: 16px; background-color: #ffffff;\"><li>Politique de s\u00e9curit\u00e9 de EONIA<\/li><\/ul><p style=\"margin-top: 0px; margin-bottom: 20px; color: #000000; font-family: 'Open Sans'; font-size: 16px; background-color: #ffffff;\">a) S\u00e9curisation des donn\u00e9es<\/p><p style=\"margin-top: 0px; margin-bottom: 20px; color: #000000; font-family: 'Open Sans'; font-size: 16px; background-color: #ffffff;\">Afin de prot\u00e9ger au mieux vos donn\u00e9es personnelles, EONIA prend toutes les mesures raisonnables et les meilleures pratiques sont appliqu\u00e9es pour \u00e9viter la perte, l\u2019utilisation abusive, la divulgation, l\u2019acc\u00e8s non autoris\u00e9 ou l\u2019alt\u00e9ration de ces donn\u00e9es \u00e0 caract\u00e8re personnel. Les mesures ad\u00e9quates sont prises, tant sur le plan technique qu\u2019organisationnel, pour assurer un niveau de s\u00e9curit\u00e9 suffisant.<\/p><p style=\"margin-top: 0px; margin-bottom: 20px; color: #000000; font-family: 'Open Sans'; font-size: 16px; background-color: #ffffff;\">b) Conservation des donn\u00e9es<\/p><p style=\"margin-top: 0px; margin-bottom: 20px; color: #000000; font-family: 'Open Sans'; font-size: 16px; background-color: #ffffff;\">EONIA ne conservera pas vos donn\u00e9es plus longtemps que n\u00e9cessaire dans le cadre du traitement de celles-ci, en tenant compte de la mission de EONIA visant \u00e0 pouvoir r\u00e9pondre correctement aux questions des clients, \u00e0 pouvoir am\u00e9liorer la qualit\u00e9 des produits et services et \u00e0 respecter ses obligations l\u00e9gales.<\/p><ul style=\"margin-bottom: 10px; color: #000000; font-family: 'Open Sans'; font-size: 16px; background-color: #ffffff;\"><li>Contact<\/li><\/ul><p style=\"margin-top: 0px; margin-bottom: 20px; color: #000000; font-family: 'Open Sans'; font-size: 16px; background-color: #ffffff;\">EONIA sprl<br \/>Rue de l&#8217;Angle 45 \u2013 7640 P\u00e9ronnes-Lez-Antoing \u2013 Tel. +32 (0)478 51 51 78<br \/>info@eonia.be \u2013 BE0829.364.351<\/p><p style=\"margin-top: 0px; margin-bottom: 20px; color: #000000; font-family: 'Open Sans'; font-size: 16px; background-color: #ffffff;\">Personne responsable du traitement des donn\u00e9es<\/p><p style=\"margin-top: 0px; margin-bottom: 20px; color: #000000; font-family: 'Open Sans'; font-size: 16px; background-color: #ffffff;\">Sebastien Roupin<\/p><p style=\"margin-top: 0px; margin-bottom: 20px; color: #000000; font-family: 'Open Sans'; font-size: 16px; background-color: #ffffff;\">Tel. +32 (0)478 51 51 78<br \/>sebastien.roupin@eonia.be<\/p><\/div>\n\t\t\t\t<\/div>\n\t\t\t\t<\/div>\n\t\t\t\t\t<\/div>\n\t\t<\/div>\n\t\t\t\t\t\t\t<\/div>\n\t\t<\/section>\n\t\t\t\t\t\t<\/div>\n\t\t\t\t\t<\/div>\n\t\t","protected":false},"excerpt":{"rendered":"<p>La pr\u00e9sente d\u00e9claration et politique de respect de la vie priv\u00e9e s\u2019applique \u00e0 toutes les donn\u00e9es \u00e0 caract\u00e8re personnel vous concernant, collect\u00e9es et trait\u00e9es par EONIA. Par l\u2019utilisation des sites Internet et autres produits et services des entreprises de EONIA, vous marquez votre accord avec l\u2019application de la pr\u00e9sente d\u00e9claration et politique de respect de [&hellip;]<\/p>\n","protected":false},"author":1,"featured_media":0,"parent":0,"menu_order":0,"comment_status":"closed","ping_status":"closed","template":"","meta":[],"categories":[],"tags":[],"_links":{"self":[{"href":"https:\/\/www.eonia.be\/index.php\/wp-json\/wp\/v2\/pages\/3"}],"collection":[{"href":"https:\/\/www.eonia.be\/index.php\/wp-json\/wp\/v2\/pages"}],"about":[{"href":"https:\/\/www.eonia.be\/index.php\/wp-json\/wp\/v2\/types\/page"}],"author":[{"embeddable":true,"href":"https:\/\/www.eonia.be\/index.php\/wp-json\/wp\/v2\/users\/1"}],"replies":[{"embeddable":true,"href":"https:\/\/www.eonia.be\/index.php\/wp-json\/wp\/v2\/comments?post=3"}],"version-history":[{"count":10,"href":"https:\/\/www.eonia.be\/index.php\/wp-json\/wp\/v2\/pages\/3\/revisions"}],"predecessor-version":[{"id":663,"href":"https:\/\/www.eonia.be\/index.php\/wp-json\/wp\/v2\/pages\/3\/revisions\/663"}],"wp:attachment":[{"href":"https:\/\/www.eonia.be\/index.php\/wp-json\/wp\/v2\/media?parent=3"}],"wp:term":[{"taxonomy":"category","embeddable":true,"href":"https:\/\/www.eonia.be\/index.php\/wp-json\/wp\/v2\/categories?post=3"},{"taxonomy":"post_tag","embeddable":true,"href":"https:\/\/www.eonia.be\/index.php\/wp-json\/wp\/v2\/tags?post=3"}],"curies":[{"name":"wp","href":"https:\/\/api.w.org\/{rel}","templated":true}]}}