{"id":72,"date":"2018-07-12T10:12:17","date_gmt":"2018-07-12T10:12:17","guid":{"rendered":"https:\/\/dev.rigorousthemes.com\/demo\/realestate\/?page_id=72"},"modified":"2021-03-25T19:22:35","modified_gmt":"2021-03-25T19:22:35","slug":"apropos","status":"publish","type":"page","link":"https:\/\/www.eonia.be\/index.php\/apropos\/","title":{"rendered":"\u00c0 propos de nous"},"content":{"rendered":"\t\t<div data-elementor-type=\"wp-page\" data-elementor-id=\"72\" class=\"elementor elementor-72\" data-elementor-settings=\"[]\">\n\t\t\t\t\t\t\t<div class=\"elementor-section-wrap\">\n\t\t\t\t\t\t\t<section class=\"elementor-section elementor-top-section elementor-element elementor-element-171dbc2d elementor-section-boxed elementor-section-height-default elementor-section-height-default\" data-id=\"171dbc2d\" data-element_type=\"section\">\n\t\t\t\t\t\t<div class=\"elementor-container elementor-column-gap-default\">\n\t\t\t\t\t<div class=\"elementor-column elementor-col-100 elementor-top-column elementor-element elementor-element-38836373\" data-id=\"38836373\" data-element_type=\"column\">\n\t\t\t<div class=\"elementor-widget-wrap elementor-element-populated\">\n\t\t\t\t\t\t\t\t<div class=\"elementor-element elementor-element-5c67736c elementor-widget elementor-widget-text-editor\" data-id=\"5c67736c\" data-element_type=\"widget\" data-widget_type=\"text-editor.default\">\n\t\t\t\t<div class=\"elementor-widget-container\">\n\t\t\t\t\t<div class=\"elementor-text-editor elementor-clearfix\"><p>Notre soci\u00e9t\u00e9 EONIA sprl est \u00e9tablie en Hainaut Occidental. Nous sommes actifs <strong>depuis 2010 dans la promotion immobili\u00e8re et l&#8217;immobilier locatif<\/strong> dans la r\u00e9gion de <strong>Tournai<\/strong>, <strong>P\u00e9ruwelz<\/strong>, <strong>Brunehaut<\/strong> et <strong>Antoing<\/strong>.<\/p><p><span style=\"font-family: var( --e-global-typography-text-font-family ), Sans-serif; font-weight: var( --e-global-typography-text-font-weight );\">Via notre r\u00e9seau de partenaires et notre expertise technique interne, nous avons eu l&#8217;opportunit\u00e9 de mettre en \u0153uvre des projets alliant qualit\u00e9, architecture et confort, allant de la maison individuelle aux appartements.<\/span><\/p><p><span style=\"font-family: var( --e-global-typography-text-font-family ), Sans-serif; font-weight: var( --e-global-typography-text-font-weight );\">Le monde de la construction et la l\u00e9gislation se complexifiant, pour chaque projet, nous prenons le temps d&#8217;analyser en d\u00e9tail tous les \u00e9l\u00e9ments qui permettront d&#8217;offrir <\/span><strong style=\"font-family: var( --e-global-typography-text-font-family ), Sans-serif;\">des logements confortables et de grande qualit\u00e9<\/strong><span style=\"font-family: var( --e-global-typography-text-font-family ), Sans-serif; font-weight: var( --e-global-typography-text-font-weight );\">, dans un budget et d\u00e9lais respect\u00e9s.<\/span><\/p>\n<p>Notre taille nous permet d&#8217;offrir un service personnalis\u00e9 \u00e0 haute valeur ajout\u00e9e \u00e0 nos clients, ainsi qu&#8217;une tr\u00e8s grande flexibilit\u00e9 dans nos relations.<\/p><\/div>\n\t\t\t\t<\/div>\n\t\t\t\t<\/div>\n\t\t\t\t\t<\/div>\n\t\t<\/div>\n\t\t\t\t\t\t\t<\/div>\n\t\t<\/section>\n\t\t\t\t\t\t<\/div>\n\t\t\t\t\t<\/div>\n\t\t","protected":false},"excerpt":{"rendered":"<p>Notre soci\u00e9t\u00e9 EONIA sprl est \u00e9tablie en Hainaut Occidental. Nous sommes actifs depuis 2010 dans la promotion immobili\u00e8re et l&#8217;immobilier locatif dans la r\u00e9gion de Tournai, P\u00e9ruwelz, Brunehaut et Antoing. Via notre r\u00e9seau de partenaires et notre expertise technique interne, nous avons eu l&#8217;opportunit\u00e9 de mettre en \u0153uvre des projets alliant qualit\u00e9, architecture et confort, [&hellip;]<\/p>\n","protected":false},"author":1,"featured_media":380,"parent":0,"menu_order":0,"comment_status":"closed","ping_status":"closed","template":"","meta":[],"categories":[],"tags":[],"_links":{"self":[{"href":"https:\/\/www.eonia.be\/index.php\/wp-json\/wp\/v2\/pages\/72"}],"collection":[{"href":"https:\/\/www.eonia.be\/index.php\/wp-json\/wp\/v2\/pages"}],"about":[{"href":"https:\/\/www.eonia.be\/index.php\/wp-json\/wp\/v2\/types\/page"}],"author":[{"embeddable":true,"href":"https:\/\/www.eonia.be\/index.php\/wp-json\/wp\/v2\/users\/1"}],"replies":[{"embeddable":true,"href":"https:\/\/www.eonia.be\/index.php\/wp-json\/wp\/v2\/comments?post=72"}],"version-history":[{"count":14,"href":"https:\/\/www.eonia.be\/index.php\/wp-json\/wp\/v2\/pages\/72\/revisions"}],"predecessor-version":[{"id":543,"href":"https:\/\/www.eonia.be\/index.php\/wp-json\/wp\/v2\/pages\/72\/revisions\/543"}],"wp:featuredmedia":[{"embeddable":true,"href":"https:\/\/www.eonia.be\/index.php\/wp-json\/wp\/v2\/media\/380"}],"wp:attachment":[{"href":"https:\/\/www.eonia.be\/index.php\/wp-json\/wp\/v2\/media?parent=72"}],"wp:term":[{"taxonomy":"category","embeddable":true,"href":"https:\/\/www.eonia.be\/index.php\/wp-json\/wp\/v2\/categories?post=72"},{"taxonomy":"post_tag","embeddable":true,"href":"https:\/\/www.eonia.be\/index.php\/wp-json\/wp\/v2\/tags?post=72"}],"curies":[{"name":"wp","href":"https:\/\/api.w.org\/{rel}","templated":true}]}}